{"id":9304,"date":"2026-02-27T18:08:03","date_gmt":"2026-02-27T18:08:03","guid":{"rendered":"https:\/\/grupocoruzzi.com.br\/dmilho\/?page_id=9304"},"modified":"2026-02-27T18:09:01","modified_gmt":"2026-02-27T18:09:01","slug":"canjica-amarela","status":"publish","type":"page","link":"https:\/\/grupocoruzzi.com.br\/dmilho\/canjica-amarela\/","title":{"rendered":"Canjica Amarela"},"content":{"rendered":"\t\t<div data-elementor-type=\"wp-page\" data-elementor-id=\"9304\" class=\"elementor elementor-9304\" data-elementor-post-type=\"page\">\n\t\t\t\t<div class=\"elementor-element elementor-element-1c1d60f e-flex e-con-boxed e-con e-parent\" data-id=\"1c1d60f\" data-element_type=\"container\" data-e-type=\"container\" data-settings=\"{&quot;background_background&quot;:&quot;classic&quot;,&quot;shape_divider_bottom&quot;:&quot;triangle&quot;}\">\n\t\t\t\t\t<div class=\"e-con-inner\">\n\t\t\t\t<div class=\"elementor-shape elementor-shape-bottom\" aria-hidden=\"true\" data-negative=\"false\">\n\t\t\t<svg xmlns=\"http:\/\/www.w3.org\/2000\/svg\" viewBox=\"0 0 1000 100\" preserveAspectRatio=\"none\">\n\t<path class=\"elementor-shape-fill\" d=\"M500,98.9L0,6.1V0h1000v6.1L500,98.9z\"\/>\n<\/svg>\t\t<\/div>\n\t\t\t\t\t<\/div>\n\t\t\t\t<\/div>\n\t\t<div class=\"elementor-element elementor-element-5a3985f e-flex e-con-boxed e-con e-parent\" data-id=\"5a3985f\" data-element_type=\"container\" data-e-type=\"container\" data-settings=\"{&quot;background_background&quot;:&quot;classic&quot;}\">\n\t\t\t\t\t<div class=\"e-con-inner\">\n\t\t<div class=\"elementor-element elementor-element-b557850 e-con-full e-flex e-con e-child\" data-id=\"b557850\" data-element_type=\"container\" data-e-type=\"container\">\n\t\t\t\t<div class=\"elementor-element elementor-element-f2780a3 elementor-widget__width-initial elementor-widget elementor-widget-text-editor\" data-id=\"f2780a3\" data-element_type=\"widget\" data-e-type=\"widget\" data-widget_type=\"text-editor.default\">\n\t\t\t\t\t\t\t\t\t<div class=\"produto\"><p data-start=\"211\" data-end=\"506\">A Canjica Amarela \u00e9 produzida a partir de gr\u00e3os selecionados de milho amarelo, cuidadosamente beneficiados para garantir qualidade, sabor e uniformidade. Com gr\u00e3os inteiros e textura firme ap\u00f3s o cozimento, \u00e9 ideal para o preparo de canjicas doces ou salgadas, mungunz\u00e1, sopas e pratos t\u00edpicos da culin\u00e1ria brasileira.<\/p><p data-start=\"211\" data-end=\"506\">\u00a0<\/p><p data-start=\"211\" data-end=\"506\">Naturalmente rica em energia, \u00e9 um alimento vers\u00e1til, nutritivo e perfeito para receitas tradicionais cheias de sabor.<\/p><\/div>\t\t\t\t\t\t\t\t<\/div>\n\t\t\t\t<div class=\"elementor-element elementor-element-ba6237f elementor-widget elementor-widget-text-editor\" data-id=\"ba6237f\" data-element_type=\"widget\" data-e-type=\"widget\" data-widget_type=\"text-editor.default\">\n\t\t\t\t\t\t\t\t\t<a href=\"javascript:window.history.go(-1)\" class=\"btn-voltar\" title=\"Voltar\">Voltar<\/a>\t\t\t\t\t\t\t\t<\/div>\n\t\t\t\t<\/div>\n\t\t<div class=\"elementor-element elementor-element-8df4219 e-con-full e-flex e-con e-child\" data-id=\"8df4219\" data-element_type=\"container\" data-e-type=\"container\">\n\t\t\t\t<div class=\"elementor-element elementor-element-35ce329 elementor-invisible elementor-widget elementor-widget-image\" data-id=\"35ce329\" data-element_type=\"widget\" data-e-type=\"widget\" data-settings=\"{&quot;_animation&quot;:&quot;zoomIn&quot;}\" data-widget_type=\"image.default\">\n\t\t\t\t\t\t\t\t\t\t\t\t\t\t\t<img decoding=\"async\" width=\"662\" height=\"712\" src=\"https:\/\/grupocoruzzi.com.br\/dmilho\/wp-content\/uploads\/2026\/02\/img-canjica-amarela.webp\" class=\"attachment-full size-full wp-image-9113\" alt=\"Canjica Amarela\" srcset=\"https:\/\/grupocoruzzi.com.br\/dmilho\/wp-content\/uploads\/2026\/02\/img-canjica-amarela.webp 662w, https:\/\/grupocoruzzi.com.br\/dmilho\/wp-content\/uploads\/2026\/02\/img-canjica-amarela-279x300.webp 279w\" sizes=\"(max-width: 662px) 100vw, 662px\" \/>\t\t\t\t\t\t\t\t\t\t\t\t\t\t\t<\/div>\n\t\t\t\t<\/div>\n\t\t\t\t\t<\/div>\n\t\t\t\t<\/div>\n\t\t\t\t<\/div>\n\t\t","protected":false},"excerpt":{"rendered":"<p>A Canjica Amarela \u00e9 produzida a partir de gr\u00e3os selecionados de milho amarelo, cuidadosamente beneficiados para garantir qualidade, sabor e uniformidade. Com gr\u00e3os inteiros e textura firme ap\u00f3s o cozimento, \u00e9 ideal para o preparo de canjicas doces ou salgadas, mungunz\u00e1, sopas e pratos t\u00edpicos da culin\u00e1ria brasileira. \u00a0 Naturalmente rica em energia, \u00e9 um [&hellip;]<\/p>\n","protected":false},"author":1,"featured_media":0,"parent":0,"menu_order":0,"comment_status":"closed","ping_status":"closed","template":"elementor_header_footer","meta":{"_joinchat":[],"footnotes":""},"class_list":["post-9304","page","type-page","status-publish","hentry"],"_links":{"self":[{"href":"https:\/\/grupocoruzzi.com.br\/dmilho\/wp-json\/wp\/v2\/pages\/9304","targetHints":{"allow":["GET"]}}],"collection":[{"href":"https:\/\/grupocoruzzi.com.br\/dmilho\/wp-json\/wp\/v2\/pages"}],"about":[{"href":"https:\/\/grupocoruzzi.com.br\/dmilho\/wp-json\/wp\/v2\/types\/page"}],"author":[{"embeddable":true,"href":"https:\/\/grupocoruzzi.com.br\/dmilho\/wp-json\/wp\/v2\/users\/1"}],"replies":[{"embeddable":true,"href":"https:\/\/grupocoruzzi.com.br\/dmilho\/wp-json\/wp\/v2\/comments?post=9304"}],"version-history":[{"count":0,"href":"https:\/\/grupocoruzzi.com.br\/dmilho\/wp-json\/wp\/v2\/pages\/9304\/revisions"}],"wp:attachment":[{"href":"https:\/\/grupocoruzzi.com.br\/dmilho\/wp-json\/wp\/v2\/media?parent=9304"}],"curies":[{"name":"wp","href":"https:\/\/api.w.org\/{rel}","templated":true}]}}