{"id":9247,"date":"2026-02-27T17:45:08","date_gmt":"2026-02-27T17:45:08","guid":{"rendered":"https:\/\/grupocoruzzi.com.br\/dmilho\/?page_id=9247"},"modified":"2026-02-27T18:05:20","modified_gmt":"2026-02-27T18:05:20","slug":"farinha-de-milho-2","status":"publish","type":"page","link":"https:\/\/grupocoruzzi.com.br\/dmilho\/farinha-de-milho-2\/","title":{"rendered":"Farinha de Milho n\u00ba 2"},"content":{"rendered":"\t\t<div data-elementor-type=\"wp-page\" data-elementor-id=\"9247\" class=\"elementor elementor-9247\" data-elementor-post-type=\"page\">\n\t\t\t\t<div class=\"elementor-element elementor-element-1c1d60f e-flex e-con-boxed e-con e-parent\" data-id=\"1c1d60f\" data-element_type=\"container\" data-e-type=\"container\" data-settings=\"{&quot;background_background&quot;:&quot;classic&quot;,&quot;shape_divider_bottom&quot;:&quot;triangle&quot;}\">\n\t\t\t\t\t<div class=\"e-con-inner\">\n\t\t\t\t<div class=\"elementor-shape elementor-shape-bottom\" aria-hidden=\"true\" data-negative=\"false\">\n\t\t\t<svg xmlns=\"http:\/\/www.w3.org\/2000\/svg\" viewBox=\"0 0 1000 100\" preserveAspectRatio=\"none\">\n\t<path class=\"elementor-shape-fill\" d=\"M500,98.9L0,6.1V0h1000v6.1L500,98.9z\"\/>\n<\/svg>\t\t<\/div>\n\t\t\t\t\t<\/div>\n\t\t\t\t<\/div>\n\t\t<div class=\"elementor-element elementor-element-5a3985f e-flex e-con-boxed e-con e-parent\" data-id=\"5a3985f\" data-element_type=\"container\" data-e-type=\"container\" data-settings=\"{&quot;background_background&quot;:&quot;classic&quot;}\">\n\t\t\t\t\t<div class=\"e-con-inner\">\n\t\t<div class=\"elementor-element elementor-element-b557850 e-con-full e-flex e-con e-child\" data-id=\"b557850\" data-element_type=\"container\" data-e-type=\"container\">\n\t\t\t\t<div class=\"elementor-element elementor-element-f2780a3 elementor-widget__width-initial elementor-widget elementor-widget-text-editor\" data-id=\"f2780a3\" data-element_type=\"widget\" data-e-type=\"widget\" data-widget_type=\"text-editor.default\">\n\t\t\t\t\t\t\t\t\t<div class=\"produto\"><p data-start=\"211\" data-end=\"506\">A Farinha de Milho n\u00ba 2 \u00e9 produzida a partir de milho selecionado e submetida a um processo de moagem que resulta em granulometria mais grossa e r\u00fastica. Com colora\u00e7\u00e3o natural do milho e sabor caracter\u00edstico, oferece excelente rendimento e desempenho tanto para uso dom\u00e9stico quanto industrial.<\/p><\/div>\t\t\t\t\t\t\t\t<\/div>\n\t\t\t\t<div class=\"elementor-element elementor-element-ba6237f elementor-widget elementor-widget-text-editor\" data-id=\"ba6237f\" data-element_type=\"widget\" data-e-type=\"widget\" data-widget_type=\"text-editor.default\">\n\t\t\t\t\t\t\t\t\t<a href=\"javascript:window.history.go(-1)\" class=\"btn-voltar\" title=\"Voltar\">Voltar<\/a>\t\t\t\t\t\t\t\t<\/div>\n\t\t\t\t<\/div>\n\t\t<div class=\"elementor-element elementor-element-8df4219 e-con-full e-flex e-con e-child\" data-id=\"8df4219\" data-element_type=\"container\" data-e-type=\"container\">\n\t\t\t\t<div class=\"elementor-element elementor-element-35ce329 elementor-invisible elementor-widget elementor-widget-image\" data-id=\"35ce329\" data-element_type=\"widget\" data-e-type=\"widget\" data-settings=\"{&quot;_animation&quot;:&quot;zoomIn&quot;}\" data-widget_type=\"image.default\">\n\t\t\t\t\t\t\t\t\t\t\t\t\t\t\t<img decoding=\"async\" width=\"662\" height=\"712\" src=\"https:\/\/grupocoruzzi.com.br\/dmilho\/wp-content\/uploads\/2026\/02\/img-farinha-de-milho-numero-2.webp\" class=\"attachment-full size-full wp-image-9100\" alt=\"Farinha de Milho n\u00ba 2\" srcset=\"https:\/\/grupocoruzzi.com.br\/dmilho\/wp-content\/uploads\/2026\/02\/img-farinha-de-milho-numero-2.webp 662w, https:\/\/grupocoruzzi.com.br\/dmilho\/wp-content\/uploads\/2026\/02\/img-farinha-de-milho-numero-2-279x300.webp 279w\" sizes=\"(max-width: 662px) 100vw, 662px\" \/>\t\t\t\t\t\t\t\t\t\t\t\t\t\t\t<\/div>\n\t\t\t\t<\/div>\n\t\t\t\t\t<\/div>\n\t\t\t\t<\/div>\n\t\t\t\t<\/div>\n\t\t","protected":false},"excerpt":{"rendered":"<p>A Farinha de Milho n\u00ba 2 \u00e9 produzida a partir de milho selecionado e submetida a um processo de moagem que resulta em granulometria mais grossa e r\u00fastica. Com colora\u00e7\u00e3o natural do milho e sabor caracter\u00edstico, oferece excelente rendimento e desempenho tanto para uso dom\u00e9stico quanto industrial. Voltar<\/p>\n","protected":false},"author":1,"featured_media":0,"parent":0,"menu_order":0,"comment_status":"closed","ping_status":"closed","template":"elementor_header_footer","meta":{"_joinchat":[],"footnotes":""},"class_list":["post-9247","page","type-page","status-publish","hentry"],"_links":{"self":[{"href":"https:\/\/grupocoruzzi.com.br\/dmilho\/wp-json\/wp\/v2\/pages\/9247","targetHints":{"allow":["GET"]}}],"collection":[{"href":"https:\/\/grupocoruzzi.com.br\/dmilho\/wp-json\/wp\/v2\/pages"}],"about":[{"href":"https:\/\/grupocoruzzi.com.br\/dmilho\/wp-json\/wp\/v2\/types\/page"}],"author":[{"embeddable":true,"href":"https:\/\/grupocoruzzi.com.br\/dmilho\/wp-json\/wp\/v2\/users\/1"}],"replies":[{"embeddable":true,"href":"https:\/\/grupocoruzzi.com.br\/dmilho\/wp-json\/wp\/v2\/comments?post=9247"}],"version-history":[{"count":0,"href":"https:\/\/grupocoruzzi.com.br\/dmilho\/wp-json\/wp\/v2\/pages\/9247\/revisions"}],"wp:attachment":[{"href":"https:\/\/grupocoruzzi.com.br\/dmilho\/wp-json\/wp\/v2\/media?parent=9247"}],"curies":[{"name":"wp","href":"https:\/\/api.w.org\/{rel}","templated":true}]}}