{"id":9239,"date":"2026-02-27T17:43:42","date_gmt":"2026-02-27T17:43:42","guid":{"rendered":"https:\/\/grupocoruzzi.com.br\/dmilho\/?page_id=9239"},"modified":"2026-02-27T18:05:14","modified_gmt":"2026-02-27T18:05:14","slug":"farinha-de-milho-1","status":"publish","type":"page","link":"https:\/\/grupocoruzzi.com.br\/dmilho\/farinha-de-milho-1\/","title":{"rendered":"Farinha de Milho n\u00ba 1"},"content":{"rendered":"\t\t<div data-elementor-type=\"wp-page\" data-elementor-id=\"9239\" class=\"elementor elementor-9239\" data-elementor-post-type=\"page\">\n\t\t\t\t<div class=\"elementor-element elementor-element-1c1d60f e-flex e-con-boxed e-con e-parent\" data-id=\"1c1d60f\" data-element_type=\"container\" data-e-type=\"container\" data-settings=\"{&quot;background_background&quot;:&quot;classic&quot;,&quot;shape_divider_bottom&quot;:&quot;triangle&quot;}\">\n\t\t\t\t\t<div class=\"e-con-inner\">\n\t\t\t\t<div class=\"elementor-shape elementor-shape-bottom\" aria-hidden=\"true\" data-negative=\"false\">\n\t\t\t<svg xmlns=\"http:\/\/www.w3.org\/2000\/svg\" viewBox=\"0 0 1000 100\" preserveAspectRatio=\"none\">\n\t<path class=\"elementor-shape-fill\" d=\"M500,98.9L0,6.1V0h1000v6.1L500,98.9z\"\/>\n<\/svg>\t\t<\/div>\n\t\t\t\t\t<\/div>\n\t\t\t\t<\/div>\n\t\t<div class=\"elementor-element elementor-element-5a3985f e-flex e-con-boxed e-con e-parent\" data-id=\"5a3985f\" data-element_type=\"container\" data-e-type=\"container\" data-settings=\"{&quot;background_background&quot;:&quot;classic&quot;}\">\n\t\t\t\t\t<div class=\"e-con-inner\">\n\t\t<div class=\"elementor-element elementor-element-b557850 e-con-full e-flex e-con e-child\" data-id=\"b557850\" data-element_type=\"container\" data-e-type=\"container\">\n\t\t\t\t<div class=\"elementor-element elementor-element-f2780a3 elementor-widget__width-initial elementor-widget elementor-widget-text-editor\" data-id=\"f2780a3\" data-element_type=\"widget\" data-e-type=\"widget\" data-widget_type=\"text-editor.default\">\n\t\t\t\t\t\t\t\t\t<div class=\"produto\"><p data-start=\"211\" data-end=\"506\">A Farinha de Milho n\u00ba 1 \u00e9 produzida a partir de gr\u00e3os de milho selecionados, passando por processo de moagem que resulta em granulometria mais grossa e uniforme. Indicada para prepara\u00e7\u00f5es que exigem maior textura e consist\u00eancia.<\/p><p data-start=\"211\" data-end=\"506\">\u00a0<\/p><p data-start=\"211\" data-end=\"506\">Com colora\u00e7\u00e3o natural do milho e sabor marcante, oferece excelente rendimento e qualidade, atendendo tanto ao uso dom\u00e9stico quanto industrial.<\/p><\/div>\t\t\t\t\t\t\t\t<\/div>\n\t\t\t\t<div class=\"elementor-element elementor-element-ba6237f elementor-widget elementor-widget-text-editor\" data-id=\"ba6237f\" data-element_type=\"widget\" data-e-type=\"widget\" data-widget_type=\"text-editor.default\">\n\t\t\t\t\t\t\t\t\t<a href=\"javascript:window.history.go(-1)\" class=\"btn-voltar\" title=\"Voltar\">Voltar<\/a>\t\t\t\t\t\t\t\t<\/div>\n\t\t\t\t<\/div>\n\t\t<div class=\"elementor-element elementor-element-8df4219 e-con-full e-flex e-con e-child\" data-id=\"8df4219\" data-element_type=\"container\" data-e-type=\"container\">\n\t\t\t\t<div class=\"elementor-element elementor-element-35ce329 elementor-invisible elementor-widget elementor-widget-image\" data-id=\"35ce329\" data-element_type=\"widget\" data-e-type=\"widget\" data-settings=\"{&quot;_animation&quot;:&quot;zoomIn&quot;}\" data-widget_type=\"image.default\">\n\t\t\t\t\t\t\t\t\t\t\t\t\t\t\t<img decoding=\"async\" width=\"662\" height=\"712\" src=\"https:\/\/grupocoruzzi.com.br\/dmilho\/wp-content\/uploads\/2026\/02\/img-farinha-de-milho-numero-1.webp\" class=\"attachment-full size-full wp-image-9096\" alt=\"Farinha de Milho n\u00ba 1\" srcset=\"https:\/\/grupocoruzzi.com.br\/dmilho\/wp-content\/uploads\/2026\/02\/img-farinha-de-milho-numero-1.webp 662w, https:\/\/grupocoruzzi.com.br\/dmilho\/wp-content\/uploads\/2026\/02\/img-farinha-de-milho-numero-1-279x300.webp 279w\" sizes=\"(max-width: 662px) 100vw, 662px\" \/>\t\t\t\t\t\t\t\t\t\t\t\t\t\t\t<\/div>\n\t\t\t\t<\/div>\n\t\t\t\t\t<\/div>\n\t\t\t\t<\/div>\n\t\t\t\t<\/div>\n\t\t","protected":false},"excerpt":{"rendered":"<p>A Farinha de Milho n\u00ba 1 \u00e9 produzida a partir de gr\u00e3os de milho selecionados, passando por processo de moagem que resulta em granulometria mais grossa e uniforme. Indicada para prepara\u00e7\u00f5es que exigem maior textura e consist\u00eancia. \u00a0 Com colora\u00e7\u00e3o natural do milho e sabor marcante, oferece excelente rendimento e qualidade, atendendo tanto ao uso [&hellip;]<\/p>\n","protected":false},"author":1,"featured_media":0,"parent":0,"menu_order":0,"comment_status":"closed","ping_status":"closed","template":"elementor_header_footer","meta":{"_joinchat":[],"footnotes":""},"class_list":["post-9239","page","type-page","status-publish","hentry"],"_links":{"self":[{"href":"https:\/\/grupocoruzzi.com.br\/dmilho\/wp-json\/wp\/v2\/pages\/9239","targetHints":{"allow":["GET"]}}],"collection":[{"href":"https:\/\/grupocoruzzi.com.br\/dmilho\/wp-json\/wp\/v2\/pages"}],"about":[{"href":"https:\/\/grupocoruzzi.com.br\/dmilho\/wp-json\/wp\/v2\/types\/page"}],"author":[{"embeddable":true,"href":"https:\/\/grupocoruzzi.com.br\/dmilho\/wp-json\/wp\/v2\/users\/1"}],"replies":[{"embeddable":true,"href":"https:\/\/grupocoruzzi.com.br\/dmilho\/wp-json\/wp\/v2\/comments?post=9239"}],"version-history":[{"count":0,"href":"https:\/\/grupocoruzzi.com.br\/dmilho\/wp-json\/wp\/v2\/pages\/9239\/revisions"}],"wp:attachment":[{"href":"https:\/\/grupocoruzzi.com.br\/dmilho\/wp-json\/wp\/v2\/media?parent=9239"}],"curies":[{"name":"wp","href":"https:\/\/api.w.org\/{rel}","templated":true}]}}