{"id":66,"date":"2024-04-02T13:02:23","date_gmt":"2024-04-02T13:02:23","guid":{"rendered":"https:\/\/imageprime.com.br\/?page_id=66"},"modified":"2026-02-27T15:48:17","modified_gmt":"2026-02-27T15:48:17","slug":"sobre","status":"publish","type":"page","link":"https:\/\/grupocoruzzi.com.br\/dmilho\/sobre\/","title":{"rendered":"Quem Somos"},"content":{"rendered":"\t\t<div data-elementor-type=\"wp-page\" data-elementor-id=\"66\" class=\"elementor elementor-66\" data-elementor-post-type=\"page\">\n\t\t\t\t<div class=\"elementor-element elementor-element-1a104b5 e-flex e-con-boxed e-con e-parent\" data-id=\"1a104b5\" data-element_type=\"container\" data-e-type=\"container\" data-settings=\"{&quot;background_background&quot;:&quot;classic&quot;,&quot;shape_divider_bottom&quot;:&quot;triangle&quot;}\">\n\t\t\t\t\t<div class=\"e-con-inner\">\n\t\t\t\t<div class=\"elementor-shape elementor-shape-bottom\" aria-hidden=\"true\" data-negative=\"false\">\n\t\t\t<svg xmlns=\"http:\/\/www.w3.org\/2000\/svg\" viewBox=\"0 0 1000 100\" preserveAspectRatio=\"none\">\n\t<path class=\"elementor-shape-fill\" d=\"M500,98.9L0,6.1V0h1000v6.1L500,98.9z\"\/>\n<\/svg>\t\t<\/div>\n\t\t\t\t\t<\/div>\n\t\t\t\t<\/div>\n\t\t<div class=\"elementor-element elementor-element-9b2e1c0 e-flex e-con-boxed e-con e-parent\" data-id=\"9b2e1c0\" data-element_type=\"container\" data-e-type=\"container\" data-settings=\"{&quot;background_background&quot;:&quot;classic&quot;}\">\n\t\t\t\t\t<div class=\"e-con-inner\">\n\t\t<div class=\"elementor-element elementor-element-b0de013 e-con-full e-flex e-con e-child\" data-id=\"b0de013\" data-element_type=\"container\" data-e-type=\"container\">\n\t\t\t\t<div class=\"elementor-element elementor-element-06e8125 elementor-invisible elementor-widget elementor-widget-image\" data-id=\"06e8125\" data-element_type=\"widget\" data-e-type=\"widget\" data-settings=\"{&quot;_animation&quot;:&quot;zoomIn&quot;}\" data-widget_type=\"image.default\">\n\t\t\t\t\t\t\t\t\t\t\t\t\t\t\t<img decoding=\"async\" width=\"614\" height=\"586\" src=\"https:\/\/grupocoruzzi.com.br\/dmilho\/wp-content\/uploads\/2026\/02\/img-sobre-dmilho.webp\" class=\"attachment-full size-full wp-image-8986\" alt=\"Sobre a D&#039;Milho Alimentos\" srcset=\"https:\/\/grupocoruzzi.com.br\/dmilho\/wp-content\/uploads\/2026\/02\/img-sobre-dmilho.webp 614w, https:\/\/grupocoruzzi.com.br\/dmilho\/wp-content\/uploads\/2026\/02\/img-sobre-dmilho-300x286.webp 300w\" sizes=\"(max-width: 614px) 100vw, 614px\" \/>\t\t\t\t\t\t\t\t\t\t\t\t\t\t\t<\/div>\n\t\t\t\t<\/div>\n\t\t<div class=\"elementor-element elementor-element-69acdbb e-con-full e-flex e-con e-child\" data-id=\"69acdbb\" data-element_type=\"container\" data-e-type=\"container\">\n\t\t\t\t<div class=\"elementor-element elementor-element-e4903b1 elementor-widget elementor-widget-heading\" data-id=\"e4903b1\" data-element_type=\"widget\" data-e-type=\"widget\" data-widget_type=\"heading.default\">\n\t\t\t\t\t<div class=\"elementor-heading-title elementor-size-default\">Excel\u00eancia em cada gr\u00e3o de milho.\n<\/div>\t\t\t\t<\/div>\n\t\t\t\t<div class=\"elementor-element elementor-element-81f5f41 elementor-absolute elementor-hidden-tablet elementor-hidden-mobile elementor-widget elementor-widget-image\" data-id=\"81f5f41\" data-element_type=\"widget\" data-e-type=\"widget\" data-settings=\"{&quot;_position&quot;:&quot;absolute&quot;}\" data-widget_type=\"image.default\">\n\t\t\t\t\t\t\t\t\t\t\t\t\t\t\t<img decoding=\"async\" width=\"248\" height=\"245\" src=\"https:\/\/grupocoruzzi.com.br\/dmilho\/wp-content\/uploads\/2025\/09\/selo-dmilho.svg\" class=\"attachment-full size-full wp-image-8506\" alt=\"D\u2019 Milho Alimentos | Especializada na fabrica\u00e7\u00e3o de fub\u00e1, canjica e gritz. Qualidade, tecnologia e sabor em gr\u00e3os de milho.\" \/>\t\t\t\t\t\t\t\t\t\t\t\t\t\t\t<\/div>\n\t\t\t\t<div class=\"elementor-element elementor-element-d3d3f36 elementor-widget elementor-widget-text-editor\" data-id=\"d3d3f36\" data-element_type=\"widget\" data-e-type=\"widget\" data-widget_type=\"text-editor.default\">\n\t\t\t\t\t\t\t\t\t<p data-start=\"380\" data-end=\"572\">Localizada em Bauru, importante cidade do interior paulista, a <strong data-start=\"443\" data-end=\"464\">D\u2019Milho Alimentos<\/strong> \u00e9 uma empresa do <strong data-start=\"482\" data-end=\"499\">Grupo Coruzzi<\/strong>, com mais de 15 anos de experi\u00eancia na produ\u00e7\u00e3o de derivados de milho.<\/p><p data-start=\"574\" data-end=\"780\">\u00a0<\/p><p data-start=\"574\" data-end=\"780\">Especializada em <strong data-start=\"591\" data-end=\"616\">fub\u00e1, canjica e gritz<\/strong>, a marca se consolidou no mercado pela combina\u00e7\u00e3o entre <strong data-start=\"673\" data-end=\"727\">tradi\u00e7\u00e3o, tecnologia e compromisso com a qualidade<\/strong>, atendendo clientes em todo o territ\u00f3rio nacional.<\/p><p data-start=\"782\" data-end=\"1103\">\u00a0<\/p><p data-start=\"782\" data-end=\"1103\">Com uma <strong data-start=\"790\" data-end=\"827\">equipe qualificada e comprometida<\/strong>, a D\u2019Milho investe continuamente na <strong data-start=\"864\" data-end=\"898\">forma\u00e7\u00e3o de seus colaboradores<\/strong>, promovendo capacita\u00e7\u00e3o t\u00e9cnica e aprimoramento constante. Cada profissional desempenha um papel essencial na manuten\u00e7\u00e3o dos padr\u00f5es de qualidade e na busca por excel\u00eancia em todas as etapas produtivas.<\/p><p data-start=\"1105\" data-end=\"1414\">\u00a0<\/p><p data-start=\"1105\" data-end=\"1414\">A empresa tamb\u00e9m investe em <strong data-start=\"1133\" data-end=\"1180\">tecnologia e equipamentos de \u00faltima gera\u00e7\u00e3o<\/strong>, garantindo processos industriais modernos, padronizados e sustent\u00e1veis. Essa estrutura permite maior efici\u00eancia na produ\u00e7\u00e3o, seguran\u00e7a alimentar e rastreabilidade completa dos produtos, assegurando confiabilidade ao cliente final.<\/p><p data-start=\"1416\" data-end=\"1655\">\u00a0<\/p><p data-start=\"1416\" data-end=\"1655\">Mais do que produzir alimentos, a D\u2019Milho Alimentos entrega <strong data-start=\"1476\" data-end=\"1520\">confian\u00e7a, tradi\u00e7\u00e3o e valor em cada gr\u00e3o<\/strong> \u2014 cultivando parcerias s\u00f3lidas, respeito ao meio ambiente e o prop\u00f3sito de <strong data-start=\"1596\" data-end=\"1652\">alimentar o futuro com excel\u00eancia e responsabilidade<\/strong>.<\/p>\t\t\t\t\t\t\t\t<\/div>\n\t\t\t\t<\/div>\n\t\t\t\t\t<\/div>\n\t\t\t\t<\/div>\n\t\t<div class=\"elementor-element elementor-element-5cfcdce e-flex e-con-boxed e-con e-parent\" data-id=\"5cfcdce\" data-element_type=\"container\" data-e-type=\"container\">\n\t\t\t\t\t<div class=\"e-con-inner\">\n\t\t<div class=\"elementor-element elementor-element-603af30 e-con-full e-flex e-con e-child\" data-id=\"603af30\" data-element_type=\"container\" data-e-type=\"container\" data-settings=\"{&quot;background_background&quot;:&quot;classic&quot;}\">\n\t\t\t\t<div class=\"elementor-element elementor-element-479af4f elementor-widget elementor-widget-heading\" data-id=\"479af4f\" data-element_type=\"widget\" data-e-type=\"widget\" data-widget_type=\"heading.default\">\n\t\t\t\t\t<div class=\"elementor-heading-title elementor-size-default\">Miss\u00e3o<\/div>\t\t\t\t<\/div>\n\t\t\t\t<div class=\"elementor-element elementor-element-9601236 elementor-widget elementor-widget-text-editor\" data-id=\"9601236\" data-element_type=\"widget\" data-e-type=\"widget\" data-widget_type=\"text-editor.default\">\n\t\t\t\t\t\t\t\t\t<p>Produzir derivados de milho com qualidade e seguran\u00e7a, atendendo \u00e0s necessidades do mercado com efici\u00eancia, responsabilidade e compromisso com o desenvolvimento sustent\u00e1vel.<\/p>\t\t\t\t\t\t\t\t<\/div>\n\t\t\t\t<div class=\"elementor-element elementor-element-873c0be elementor-widget elementor-widget-heading\" data-id=\"873c0be\" data-element_type=\"widget\" data-e-type=\"widget\" data-widget_type=\"heading.default\">\n\t\t\t\t\t<div class=\"elementor-heading-title elementor-size-default\">Vis\u00e3o<\/div>\t\t\t\t<\/div>\n\t\t\t\t<div class=\"elementor-element elementor-element-ea1b5c9 elementor-widget elementor-widget-text-editor\" data-id=\"ea1b5c9\" data-element_type=\"widget\" data-e-type=\"widget\" data-widget_type=\"text-editor.default\">\n\t\t\t\t\t\t\t\t\t<p>Ser refer\u00eancia nacional na produ\u00e7\u00e3o de derivados de milho, reconhecida pela qualidade dos produtos, inova\u00e7\u00e3o nos processos e solidez nas rela\u00e7\u00f5es com clientes e parceiros.<\/p>\t\t\t\t\t\t\t\t<\/div>\n\t\t\t\t<\/div>\n\t\t<div class=\"elementor-element elementor-element-d2b8d21 e-con-full e-flex e-con e-child\" data-id=\"d2b8d21\" data-element_type=\"container\" data-e-type=\"container\" data-settings=\"{&quot;background_background&quot;:&quot;classic&quot;}\">\n\t\t\t\t<div class=\"elementor-element elementor-element-ca92905 elementor-widget elementor-widget-heading\" data-id=\"ca92905\" data-element_type=\"widget\" data-e-type=\"widget\" data-widget_type=\"heading.default\">\n\t\t\t\t\t<div class=\"elementor-heading-title elementor-size-default\">Valores<\/div>\t\t\t\t<\/div>\n\t\t\t\t<div class=\"elementor-element elementor-element-6b67b2e elementor-widget elementor-widget-text-editor\" data-id=\"6b67b2e\" data-element_type=\"widget\" data-e-type=\"widget\" data-widget_type=\"text-editor.default\">\n\t\t\t\t\t\t\t\t\t<p data-start=\"1312\" data-end=\"1384\"><strong data-start=\"1312\" data-end=\"1326\">Qualidade:<\/strong> compromisso com a excel\u00eancia em cada etapa da produ\u00e7\u00e3o.<\/p><p data-start=\"1312\" data-end=\"1384\">\u00a0<\/p><p data-start=\"1387\" data-end=\"1477\"><strong data-start=\"1387\" data-end=\"1412\">Tradi\u00e7\u00e3o e confian\u00e7a:<\/strong> base s\u00f3lida constru\u00edda ao longo de mais de 15 anos de atua\u00e7\u00e3o.<\/p><p data-start=\"1480\" data-end=\"1569\">\u00a0<\/p><p data-start=\"1480\" data-end=\"1569\"><strong data-start=\"1480\" data-end=\"1501\">Sustentabilidade:<\/strong> respeito ao meio ambiente e uso consciente dos recursos naturais.<\/p><p data-start=\"1572\" data-end=\"1671\">\u00a0<\/p><p data-start=\"1572\" data-end=\"1671\"><strong data-start=\"1572\" data-end=\"1600\">Valoriza\u00e7\u00e3o das pessoas:<\/strong> incentivo ao crescimento profissional e bem-estar dos colaboradores.<\/p><p data-start=\"1674\" data-end=\"1752\">\u00a0<\/p><p data-start=\"1674\" data-end=\"1752\"><strong data-start=\"1674\" data-end=\"1687\">Inova\u00e7\u00e3o:<\/strong> melhoria cont\u00ednua e tecnologia aplicada \u00e0 produ\u00e7\u00e3o e \u00e0 gest\u00e3o.<\/p>\t\t\t\t\t\t\t\t<\/div>\n\t\t\t\t<\/div>\n\t\t\t\t\t<\/div>\n\t\t\t\t<\/div>\n\t\t<div class=\"elementor-element elementor-element-19cb8c0 e-flex e-con-boxed e-con e-parent\" data-id=\"19cb8c0\" data-element_type=\"container\" data-e-type=\"container\" data-settings=\"{&quot;background_background&quot;:&quot;classic&quot;}\">\n\t\t\t\t\t<div class=\"e-con-inner\">\n\t\t<div class=\"elementor-element elementor-element-4a5a620 e-con-full e-flex e-con e-child\" data-id=\"4a5a620\" data-element_type=\"container\" data-e-type=\"container\">\n\t\t<div class=\"elementor-element elementor-element-3f2a18d e-con-full e-flex e-con e-child\" data-id=\"3f2a18d\" data-element_type=\"container\" data-e-type=\"container\" data-settings=\"{&quot;background_background&quot;:&quot;classic&quot;}\">\n\t\t\t\t<div class=\"elementor-element elementor-element-c655e76 elementor-widget elementor-widget-image\" data-id=\"c655e76\" data-element_type=\"widget\" data-e-type=\"widget\" data-widget_type=\"image.default\">\n\t\t\t\t\t\t\t\t\t\t\t\t\t\t\t<img decoding=\"async\" width=\"624\" height=\"418\" src=\"https:\/\/grupocoruzzi.com.br\/dmilho\/wp-content\/uploads\/2025\/09\/img-sustentabilidade.webp\" class=\"attachment-full size-full wp-image-8703\" alt=\"Sustentabilidade\" srcset=\"https:\/\/grupocoruzzi.com.br\/dmilho\/wp-content\/uploads\/2025\/09\/img-sustentabilidade.webp 624w, https:\/\/grupocoruzzi.com.br\/dmilho\/wp-content\/uploads\/2025\/09\/img-sustentabilidade-300x201.webp 300w\" sizes=\"(max-width: 624px) 100vw, 624px\" \/>\t\t\t\t\t\t\t\t\t\t\t\t\t\t\t<\/div>\n\t\t\t\t<div class=\"elementor-element elementor-element-3bb54b8 elementor-widget elementor-widget-heading\" data-id=\"3bb54b8\" data-element_type=\"widget\" data-e-type=\"widget\" data-widget_type=\"heading.default\">\n\t\t\t\t\t<div class=\"elementor-heading-title elementor-size-default\">Sustentabilidade<\/div>\t\t\t\t<\/div>\n\t\t\t\t<div class=\"elementor-element elementor-element-3d4dd38 elementor-widget elementor-widget-text-editor\" data-id=\"3d4dd38\" data-element_type=\"widget\" data-e-type=\"widget\" data-widget_type=\"text-editor.default\">\n\t\t\t\t\t\t\t\t\t<p data-start=\"0\" data-end=\"306\">Na D\u2019 Milho Alimentos, ser sustent\u00e1vel \u00e9 um dever.<\/p><p data-start=\"0\" data-end=\"306\">\u00a0<\/p><p data-start=\"0\" data-end=\"306\">Diariamente estamos buscando solu\u00e7\u00f5es que reduzam a produ\u00e7\u00e3o de res\u00edduos e que aumentem a efici\u00eancia em todas as etapas de processamento do milho.<\/p>\t\t\t\t\t\t\t\t<\/div>\n\t\t\t\t<\/div>\n\t\t<div class=\"elementor-element elementor-element-eb50b5d e-con-full e-flex e-con e-child\" data-id=\"eb50b5d\" data-element_type=\"container\" data-e-type=\"container\">\n\t\t\t\t<div class=\"elementor-element elementor-element-6fdc2f7 elementor-invisible elementor-widget elementor-widget-image\" data-id=\"6fdc2f7\" data-element_type=\"widget\" data-e-type=\"widget\" data-settings=\"{&quot;_animation&quot;:&quot;zoomIn&quot;}\" data-widget_type=\"image.default\">\n\t\t\t\t\t\t\t\t\t\t\t\t\t\t\t<img decoding=\"async\" width=\"462\" height=\"542\" src=\"https:\/\/grupocoruzzi.com.br\/dmilho\/wp-content\/uploads\/2025\/09\/img-educacao-ambiental.webp\" class=\"attachment-full size-full wp-image-8702\" alt=\"Educa\u00e7\u00e3o ambiental\" srcset=\"https:\/\/grupocoruzzi.com.br\/dmilho\/wp-content\/uploads\/2025\/09\/img-educacao-ambiental.webp 462w, https:\/\/grupocoruzzi.com.br\/dmilho\/wp-content\/uploads\/2025\/09\/img-educacao-ambiental-256x300.webp 256w\" sizes=\"(max-width: 462px) 100vw, 462px\" \/>\t\t\t\t\t\t\t\t\t\t\t\t\t\t\t<\/div>\n\t\t\t\t<\/div>\n\t\t<div class=\"elementor-element elementor-element-f890acf e-con-full e-flex e-con e-child\" data-id=\"f890acf\" data-element_type=\"container\" data-e-type=\"container\" data-settings=\"{&quot;background_background&quot;:&quot;classic&quot;}\">\n\t\t<div class=\"elementor-element elementor-element-26364f6 e-con-full e-flex e-con e-child\" data-id=\"26364f6\" data-element_type=\"container\" data-e-type=\"container\" data-settings=\"{&quot;background_background&quot;:&quot;gradient&quot;}\">\n\t\t\t\t<div class=\"elementor-element elementor-element-f677465 elementor-widget elementor-widget-heading\" data-id=\"f677465\" data-element_type=\"widget\" data-e-type=\"widget\" data-widget_type=\"heading.default\">\n\t\t\t\t\t<div class=\"elementor-heading-title elementor-size-default\">Educa\u00e7\u00e3o ambiental<\/div>\t\t\t\t<\/div>\n\t\t\t\t<div class=\"elementor-element elementor-element-1d480f9 elementor-widget elementor-widget-text-editor\" data-id=\"1d480f9\" data-element_type=\"widget\" data-e-type=\"widget\" data-widget_type=\"text-editor.default\">\n\t\t\t\t\t\t\t\t\t<p data-start=\"0\" data-end=\"306\">Promovemos um trabalho socioambiental cont\u00ednuo com colaboradores e comunidade, valorizando a seguran\u00e7a, o bem-estar e o desenvolvimento das pessoas que fazem parte da nossa cadeia produtiva.<\/p>\t\t\t\t\t\t\t\t<\/div>\n\t\t\t\t<\/div>\n\t\t<div class=\"elementor-element elementor-element-466a8d5 e-con-full e-flex e-con e-child\" data-id=\"466a8d5\" data-element_type=\"container\" data-e-type=\"container\" data-settings=\"{&quot;background_background&quot;:&quot;classic&quot;}\">\n\t\t\t\t<div class=\"elementor-element elementor-element-fefa714 elementor-widget elementor-widget-text-editor\" data-id=\"fefa714\" data-element_type=\"widget\" data-e-type=\"widget\" data-widget_type=\"text-editor.default\">\n\t\t\t\t\t\t\t\t\t<p data-start=\"0\" data-end=\"306\">Nossa log\u00edstica vai al\u00e9m da agilidade nas entregas. Com frota moderna e processos otimizados, conseguimos reduzir o consumo de combust\u00edvel e, consequentemente, a emiss\u00e3o de CO\u2082.<\/p>\t\t\t\t\t\t\t\t<\/div>\n\t\t\t\t<\/div>\n\t\t\t\t<\/div>\n\t\t\t\t<\/div>\n\t\t\t\t\t<\/div>\n\t\t\t\t<\/div>\n\t\t\t\t<\/div>\n\t\t","protected":false},"excerpt":{"rendered":"<p>Excel\u00eancia em cada gr\u00e3o de milho. Localizada em Bauru, importante cidade do interior paulista, a D\u2019Milho Alimentos \u00e9 uma empresa do Grupo Coruzzi, com mais de 15 anos de experi\u00eancia na produ\u00e7\u00e3o de derivados de milho. \u00a0 Especializada em fub\u00e1, canjica e gritz, a marca se consolidou no mercado pela combina\u00e7\u00e3o entre tradi\u00e7\u00e3o, tecnologia e [&hellip;]<\/p>\n","protected":false},"author":1,"featured_media":0,"parent":0,"menu_order":0,"comment_status":"closed","ping_status":"closed","template":"elementor_header_footer","meta":{"_joinchat":[],"footnotes":""},"class_list":["post-66","page","type-page","status-publish","hentry"],"_links":{"self":[{"href":"https:\/\/grupocoruzzi.com.br\/dmilho\/wp-json\/wp\/v2\/pages\/66","targetHints":{"allow":["GET"]}}],"collection":[{"href":"https:\/\/grupocoruzzi.com.br\/dmilho\/wp-json\/wp\/v2\/pages"}],"about":[{"href":"https:\/\/grupocoruzzi.com.br\/dmilho\/wp-json\/wp\/v2\/types\/page"}],"author":[{"embeddable":true,"href":"https:\/\/grupocoruzzi.com.br\/dmilho\/wp-json\/wp\/v2\/users\/1"}],"replies":[{"embeddable":true,"href":"https:\/\/grupocoruzzi.com.br\/dmilho\/wp-json\/wp\/v2\/comments?post=66"}],"version-history":[{"count":0,"href":"https:\/\/grupocoruzzi.com.br\/dmilho\/wp-json\/wp\/v2\/pages\/66\/revisions"}],"wp:attachment":[{"href":"https:\/\/grupocoruzzi.com.br\/dmilho\/wp-json\/wp\/v2\/media?parent=66"}],"curies":[{"name":"wp","href":"https:\/\/api.w.org\/{rel}","templated":true}]}}