{"id":8010,"date":"2025-08-25T13:22:28","date_gmt":"2025-08-25T13:22:28","guid":{"rendered":"https:\/\/deepskyblue-jaguar-385728.hostingersite.com\/?page_id=8010"},"modified":"2025-10-05T13:15:07","modified_gmt":"2025-10-05T13:15:07","slug":"transportedegraos","status":"publish","type":"page","link":"https:\/\/grupocoruzzi.com.br\/coruzzi\/transportedegraos\/","title":{"rendered":"Transporte de Gr\u00e3os"},"content":{"rendered":"\t\t<div data-elementor-type=\"wp-page\" data-elementor-id=\"8010\" class=\"elementor elementor-8010\" data-elementor-post-type=\"page\">\n\t\t\t\t<div class=\"elementor-element elementor-element-1c1d60f e-flex e-con-boxed e-con e-parent\" data-id=\"1c1d60f\" data-element_type=\"container\" data-settings=\"{&quot;background_background&quot;:&quot;classic&quot;,&quot;shape_divider_bottom&quot;:&quot;triangle&quot;}\">\n\t\t\t\t\t<div class=\"e-con-inner\">\n\t\t\t\t<div class=\"elementor-shape elementor-shape-bottom\" aria-hidden=\"true\" data-negative=\"false\">\n\t\t\t<svg xmlns=\"http:\/\/www.w3.org\/2000\/svg\" viewBox=\"0 0 1000 100\" preserveAspectRatio=\"none\">\n\t<path class=\"elementor-shape-fill\" d=\"M500,98.9L0,6.1V0h1000v6.1L500,98.9z\"\/>\n<\/svg>\t\t<\/div>\n\t\t\t\t\t<\/div>\n\t\t\t\t<\/div>\n\t\t<div class=\"elementor-element elementor-element-5a3985f e-flex e-con-boxed e-con e-parent\" data-id=\"5a3985f\" data-element_type=\"container\" data-settings=\"{&quot;background_background&quot;:&quot;classic&quot;}\">\n\t\t\t\t\t<div class=\"e-con-inner\">\n\t\t<div class=\"elementor-element elementor-element-b557850 e-con-full e-flex e-con e-child\" data-id=\"b557850\" data-element_type=\"container\">\n\t\t\t\t<div class=\"elementor-element elementor-element-f2780a3 elementor-widget elementor-widget-text-editor\" data-id=\"f2780a3\" data-element_type=\"widget\" data-widget_type=\"text-editor.default\">\n\t\t\t\t\t\t\t\t\t<div class=\"produto\"><p data-start=\"354\" data-end=\"657\">A <strong data-start=\"356\" data-end=\"379\">Coruzzi Transportes<\/strong> \u00e9 refer\u00eancia no <strong data-start=\"396\" data-end=\"430\">transporte rodovi\u00e1rio de gr\u00e3os<\/strong>, oferecendo solu\u00e7\u00f5es completas para o escoamento eficiente da produ\u00e7\u00e3o agr\u00edcola. Com mais de 15 anos de experi\u00eancia e uma estrutura moderna, garantimos <strong data-start=\"583\" data-end=\"628\">seguran\u00e7a, rastreabilidade e pontualidade<\/strong> em cada etapa da opera\u00e7\u00e3o.<\/p><p data-start=\"659\" data-end=\"1019\">\u00a0<\/p><p data-start=\"659\" data-end=\"1019\">Contamos com uma <strong data-start=\"676\" data-end=\"725\">frota especializada e constantemente renovada<\/strong>, equipada com sistemas de <strong data-start=\"752\" data-end=\"783\">monitoramento em tempo real<\/strong>, que asseguram total controle sobre o trajeto e a integridade da carga. Cada ve\u00edculo \u00e9 operado por profissionais qualificados, seguindo <strong data-start=\"920\" data-end=\"962\">r\u00edgidos padr\u00f5es de seguran\u00e7a e higiene<\/strong>, fundamentais para o transporte de alimentos a granel.<\/p><p data-start=\"1021\" data-end=\"1344\">\u00a0<\/p><p data-start=\"1021\" data-end=\"1344\">Nosso compromisso \u00e9 <strong data-start=\"1041\" data-end=\"1083\">entregar resultados com confiabilidade<\/strong>, conectando produtores, cooperativas e ind\u00fastrias em uma cadeia log\u00edstica eficiente e transparente. Na Coruzzi Transportes, cada gr\u00e3o transportado representa <strong data-start=\"1242\" data-end=\"1279\">a for\u00e7a do agroneg\u00f3cio brasileiro<\/strong> e o <strong data-start=\"1284\" data-end=\"1316\">compromisso com a excel\u00eancia<\/strong> que move o Grupo Coruzzi.<\/p><p data-start=\"1021\" data-end=\"1344\">\u00a0<\/p><p data-start=\"1021\" data-end=\"1344\"><strong data-start=\"1349\" data-end=\"1420\">Quer efici\u00eancia, seguran\u00e7a e parceria no transporte dos seus gr\u00e3os?<\/strong><br data-start=\"1420\" data-end=\"1423\" \/>Entre em contato com a nossa equipe e descubra como podemos levar sua produ\u00e7\u00e3o ainda mais longe.<\/p><\/div>\t\t\t\t\t\t\t\t<\/div>\n\t\t\t\t<\/div>\n\t\t<div class=\"elementor-element elementor-element-8df4219 e-con-full e-flex e-con e-child\" data-id=\"8df4219\" data-element_type=\"container\">\n\t\t\t\t<div class=\"elementor-element elementor-element-35ce329 elementor-invisible elementor-widget elementor-widget-image\" data-id=\"35ce329\" data-element_type=\"widget\" data-settings=\"{&quot;_animation&quot;:&quot;zoomIn&quot;}\" data-widget_type=\"image.default\">\n\t\t\t\t\t\t\t\t\t\t\t\t\t\t\t<img decoding=\"async\" width=\"580\" height=\"624\" src=\"https:\/\/grupocoruzzi.com.br\/coruzzi\/wp-content\/uploads\/2025\/10\/img-transportedegraos.webp\" class=\"attachment-full size-full wp-image-8998\" alt=\"Transporte de gr\u00e3os\" srcset=\"https:\/\/grupocoruzzi.com.br\/coruzzi\/wp-content\/uploads\/2025\/10\/img-transportedegraos.webp 580w, https:\/\/grupocoruzzi.com.br\/coruzzi\/wp-content\/uploads\/2025\/10\/img-transportedegraos-279x300.webp 279w\" sizes=\"(max-width: 580px) 100vw, 580px\" \/>\t\t\t\t\t\t\t\t\t\t\t\t\t\t\t<\/div>\n\t\t\t\t<\/div>\n\t\t\t\t\t<\/div>\n\t\t\t\t<\/div>\n\t\t<div class=\"elementor-element elementor-element-033b922 e-flex e-con-boxed e-con e-parent\" data-id=\"033b922\" data-element_type=\"container\">\n\t\t\t\t\t<div class=\"e-con-inner\">\n\t\t\t\t<div class=\"elementor-element elementor-element-f88f6fd elementor-widget elementor-widget-text-editor\" data-id=\"f88f6fd\" data-element_type=\"widget\" data-widget_type=\"text-editor.default\">\n\t\t\t\t\t\t\t\t\t<a href=\"javascript:window.history.go(-1)\" class=\"btn-voltar\" title=\"Voltar\">Voltar<\/a>\t\t\t\t\t\t\t\t<\/div>\n\t\t\t\t\t<\/div>\n\t\t\t\t<\/div>\n\t\t\t\t<\/div>\n\t\t","protected":false},"excerpt":{"rendered":"<p>A Coruzzi Transportes \u00e9 refer\u00eancia no transporte rodovi\u00e1rio de gr\u00e3os, oferecendo solu\u00e7\u00f5es completas para o escoamento eficiente da produ\u00e7\u00e3o agr\u00edcola. Com mais de 15 anos de experi\u00eancia e uma estrutura moderna, garantimos seguran\u00e7a, rastreabilidade e pontualidade em cada etapa da opera\u00e7\u00e3o. \u00a0 Contamos com uma frota especializada e constantemente renovada, equipada com sistemas de monitoramento [&hellip;]<\/p>\n","protected":false},"author":1,"featured_media":0,"parent":0,"menu_order":0,"comment_status":"closed","ping_status":"closed","template":"elementor_header_footer","meta":{"_joinchat":[],"footnotes":""},"class_list":["post-8010","page","type-page","status-publish","hentry"],"_links":{"self":[{"href":"https:\/\/grupocoruzzi.com.br\/coruzzi\/wp-json\/wp\/v2\/pages\/8010","targetHints":{"allow":["GET"]}}],"collection":[{"href":"https:\/\/grupocoruzzi.com.br\/coruzzi\/wp-json\/wp\/v2\/pages"}],"about":[{"href":"https:\/\/grupocoruzzi.com.br\/coruzzi\/wp-json\/wp\/v2\/types\/page"}],"author":[{"embeddable":true,"href":"https:\/\/grupocoruzzi.com.br\/coruzzi\/wp-json\/wp\/v2\/users\/1"}],"replies":[{"embeddable":true,"href":"https:\/\/grupocoruzzi.com.br\/coruzzi\/wp-json\/wp\/v2\/comments?post=8010"}],"version-history":[{"count":0,"href":"https:\/\/grupocoruzzi.com.br\/coruzzi\/wp-json\/wp\/v2\/pages\/8010\/revisions"}],"wp:attachment":[{"href":"https:\/\/grupocoruzzi.com.br\/coruzzi\/wp-json\/wp\/v2\/media?parent=8010"}],"curies":[{"name":"wp","href":"https:\/\/api.w.org\/{rel}","templated":true}]}}