{"id":66,"date":"2024-04-02T13:02:23","date_gmt":"2024-04-02T13:02:23","guid":{"rendered":"https:\/\/imageprime.com.br\/?page_id=66"},"modified":"2025-10-05T12:57:36","modified_gmt":"2025-10-05T12:57:36","slug":"sobre","status":"publish","type":"page","link":"https:\/\/grupocoruzzi.com.br\/coruzzi\/sobre\/","title":{"rendered":"Quem Somos"},"content":{"rendered":"\t\t<div data-elementor-type=\"wp-page\" data-elementor-id=\"66\" class=\"elementor elementor-66\" data-elementor-post-type=\"page\">\n\t\t\t\t<div class=\"elementor-element elementor-element-1a104b5 e-flex e-con-boxed e-con e-parent\" data-id=\"1a104b5\" data-element_type=\"container\" data-settings=\"{&quot;background_background&quot;:&quot;classic&quot;,&quot;shape_divider_bottom&quot;:&quot;triangle&quot;}\">\n\t\t\t\t\t<div class=\"e-con-inner\">\n\t\t\t\t<div class=\"elementor-shape elementor-shape-bottom\" aria-hidden=\"true\" data-negative=\"false\">\n\t\t\t<svg xmlns=\"http:\/\/www.w3.org\/2000\/svg\" viewBox=\"0 0 1000 100\" preserveAspectRatio=\"none\">\n\t<path class=\"elementor-shape-fill\" d=\"M500,98.9L0,6.1V0h1000v6.1L500,98.9z\"\/>\n<\/svg>\t\t<\/div>\n\t\t\t\t\t<\/div>\n\t\t\t\t<\/div>\n\t\t<div class=\"elementor-element elementor-element-b5973a5 e-flex e-con-boxed e-con e-parent\" data-id=\"b5973a5\" data-element_type=\"container\" data-settings=\"{&quot;background_background&quot;:&quot;classic&quot;}\">\n\t\t\t\t\t<div class=\"e-con-inner\">\n\t\t<div class=\"elementor-element elementor-element-dc20b66 e-con-full e-flex e-con e-child\" data-id=\"dc20b66\" data-element_type=\"container\">\n\t\t\t\t<div class=\"elementor-element elementor-element-847f55d elementor-invisible elementor-widget elementor-widget-image\" data-id=\"847f55d\" data-element_type=\"widget\" data-settings=\"{&quot;_animation&quot;:&quot;zoomIn&quot;}\" data-widget_type=\"image.default\">\n\t\t\t\t\t\t\t\t\t\t\t\t\t\t\t<img decoding=\"async\" width=\"614\" height=\"586\" src=\"https:\/\/grupocoruzzi.com.br\/coruzzi\/wp-content\/uploads\/2025\/10\/img-sobre-coruzzi.webp\" class=\"attachment-full size-full wp-image-9004\" alt=\"Sobre a Coruzzi Transportes\" srcset=\"https:\/\/grupocoruzzi.com.br\/coruzzi\/wp-content\/uploads\/2025\/10\/img-sobre-coruzzi.webp 614w, https:\/\/grupocoruzzi.com.br\/coruzzi\/wp-content\/uploads\/2025\/10\/img-sobre-coruzzi-300x286.webp 300w\" sizes=\"(max-width: 614px) 100vw, 614px\" \/>\t\t\t\t\t\t\t\t\t\t\t\t\t\t\t<\/div>\n\t\t\t\t<\/div>\n\t\t<div class=\"elementor-element elementor-element-c382d13 e-con-full e-flex e-con e-child\" data-id=\"c382d13\" data-element_type=\"container\">\n\t\t\t\t<div class=\"elementor-element elementor-element-4389860 elementor-widget elementor-widget-heading\" data-id=\"4389860\" data-element_type=\"widget\" data-widget_type=\"heading.default\">\n\t\t\t\t\t<div class=\"elementor-heading-title elementor-size-default\">Excel\u00eancia em cada\ncarga transportada.\n<\/div>\t\t\t\t<\/div>\n\t\t\t\t<div class=\"elementor-element elementor-element-e02a12c elementor-widget elementor-widget-text-editor\" data-id=\"e02a12c\" data-element_type=\"widget\" data-widget_type=\"text-editor.default\">\n\t\t\t\t\t\t\t\t\t<p><span style=\"font-weight: 400;\">Com sede em Bauru, importante cidade do interior paulista, a <strong>Coruzzi Transportes<\/strong> \u00e9 uma empresa do <strong>Grupo Coruzzi<\/strong>, com mais de 15 anos de experi\u00eancia em transporte especializado de gr\u00e3os e \u00f3leos lubrificantes.<\/span><\/p><p>\u00a0<\/p><p><span style=\"font-weight: 400;\">Nossa miss\u00e3o \u00e9 oferecer solu\u00e7\u00f5es log\u00edsticas seguras e eficientes, com frota moderna, rastreabilidade completa e atendimento personalizado.<\/span><\/p><p>\u00a0<\/p><p><span style=\"font-weight: 400;\">Comprometida com a excel\u00eancia, a Coruzzi Transportes alia tecnologia com experi\u00eancia, garantindo que cada entrega seja realizada com pontualidade, seguran\u00e7a e confian\u00e7a.<\/span><\/p><p>\u00a0<\/p><p>Mais do que transportar cargas, <strong data-start=\"884\" data-end=\"946\">transportamos resultados, confian\u00e7a e parcerias duradouras<\/strong>. Na Coruzzi Transportes, cada viagem \u00e9 movida pelo compromisso de <strong data-start=\"1013\" data-end=\"1060\">fazer o seu neg\u00f3cio chegar ainda mais longe<\/strong>.<\/p>\t\t\t\t\t\t\t\t<\/div>\n\t\t\t\t<\/div>\n\t\t\t\t\t<\/div>\n\t\t\t\t<\/div>\n\t\t<div class=\"elementor-element elementor-element-5cfcdce e-flex e-con-boxed e-con e-parent\" data-id=\"5cfcdce\" data-element_type=\"container\">\n\t\t\t\t\t<div class=\"e-con-inner\">\n\t\t<div class=\"elementor-element elementor-element-603af30 e-con-full e-flex e-con e-child\" data-id=\"603af30\" data-element_type=\"container\" data-settings=\"{&quot;background_background&quot;:&quot;classic&quot;}\">\n\t\t\t\t<div class=\"elementor-element elementor-element-479af4f elementor-widget elementor-widget-heading\" data-id=\"479af4f\" data-element_type=\"widget\" data-widget_type=\"heading.default\">\n\t\t\t\t\t<div class=\"elementor-heading-title elementor-size-default\">Miss\u00e3o<\/div>\t\t\t\t<\/div>\n\t\t\t\t<div class=\"elementor-element elementor-element-9601236 elementor-widget elementor-widget-text-editor\" data-id=\"9601236\" data-element_type=\"widget\" data-widget_type=\"text-editor.default\">\n\t\t\t\t\t\t\t\t\t<p>Garantir solu\u00e7\u00f5es de transporte seguras, \u00e1geis e eficientes, superando as expectativas dos clientes por meio de um atendimento personalizado e de alto desempenho operacional.<\/p>\t\t\t\t\t\t\t\t<\/div>\n\t\t\t\t<div class=\"elementor-element elementor-element-873c0be elementor-widget elementor-widget-heading\" data-id=\"873c0be\" data-element_type=\"widget\" data-widget_type=\"heading.default\">\n\t\t\t\t\t<div class=\"elementor-heading-title elementor-size-default\">Vis\u00e3o<\/div>\t\t\t\t<\/div>\n\t\t\t\t<div class=\"elementor-element elementor-element-ea1b5c9 elementor-widget elementor-widget-text-editor\" data-id=\"ea1b5c9\" data-element_type=\"widget\" data-widget_type=\"text-editor.default\">\n\t\t\t\t\t\t\t\t\t<p>Ser reconhecida nacionalmente como uma das principais empresas de transporte e log\u00edstica, refer\u00eancia em confiabilidade, inova\u00e7\u00e3o e qualidade no atendimento.<\/p>\t\t\t\t\t\t\t\t<\/div>\n\t\t\t\t<\/div>\n\t\t<div class=\"elementor-element elementor-element-d2b8d21 e-con-full e-flex e-con e-child\" data-id=\"d2b8d21\" data-element_type=\"container\" data-settings=\"{&quot;background_background&quot;:&quot;classic&quot;}\">\n\t\t\t\t<div class=\"elementor-element elementor-element-ca92905 elementor-widget elementor-widget-heading\" data-id=\"ca92905\" data-element_type=\"widget\" data-widget_type=\"heading.default\">\n\t\t\t\t\t<div class=\"elementor-heading-title elementor-size-default\">Valores<\/div>\t\t\t\t<\/div>\n\t\t\t\t<div class=\"elementor-element elementor-element-6b67b2e elementor-widget elementor-widget-text-editor\" data-id=\"6b67b2e\" data-element_type=\"widget\" data-widget_type=\"text-editor.default\">\n\t\t\t\t\t\t\t\t\t<p data-start=\"1500\" data-end=\"1579\"><strong data-start=\"1500\" data-end=\"1520\">Comprometimento:<\/strong> Cumprimos prazos e acordos com responsabilidade e \u00e9tica.<\/p><p data-start=\"1582\" data-end=\"1652\">\u00a0<\/p><p data-start=\"1582\" data-end=\"1652\"><strong data-start=\"1582\" data-end=\"1596\">Seguran\u00e7a:<\/strong> Prioridade absoluta em todas as etapas do transporte.<\/p><p data-start=\"1655\" data-end=\"1743\">\u00a0<\/p><p data-start=\"1655\" data-end=\"1743\"><strong data-start=\"1655\" data-end=\"1673\">Transpar\u00eancia:<\/strong> Relacionamentos baseados na confian\u00e7a e na clareza das informa\u00e7\u00f5es.<\/p><p data-start=\"1746\" data-end=\"1835\">\u00a0<\/p><p data-start=\"1746\" data-end=\"1835\"><strong data-start=\"1746\" data-end=\"1759\">Inova\u00e7\u00e3o:<\/strong> Busca constante por melhorias e tecnologias que otimizem nossos servi\u00e7os.<\/p><p data-start=\"1838\" data-end=\"1909\">\u00a0<\/p><p data-start=\"1838\" data-end=\"1909\"><strong data-start=\"1838\" data-end=\"1851\">Respeito:<\/strong> Valorizamos nossos clientes, colaboradores e parceiros.<\/p><p data-start=\"1912\" data-end=\"1988\">\u00a0<\/p><p data-start=\"1912\" data-end=\"1988\"><strong data-start=\"1912\" data-end=\"1933\">Sustentabilidade:<\/strong> Atua\u00e7\u00e3o respons\u00e1vel com o meio ambiente e a sociedade.<\/p>\t\t\t\t\t\t\t\t<\/div>\n\t\t\t\t<\/div>\n\t\t\t\t\t<\/div>\n\t\t\t\t<\/div>\n\t\t<div class=\"elementor-element elementor-element-106a36d e-flex e-con-boxed e-con e-parent\" data-id=\"106a36d\" data-element_type=\"container\" data-settings=\"{&quot;background_background&quot;:&quot;classic&quot;}\">\n\t\t\t\t\t<div class=\"e-con-inner\">\n\t\t<div class=\"elementor-element elementor-element-638f6f1 e-con-full e-flex e-con e-child\" data-id=\"638f6f1\" data-element_type=\"container\">\n\t\t<div class=\"elementor-element elementor-element-00378e8 e-con-full e-flex e-con e-child\" data-id=\"00378e8\" data-element_type=\"container\" data-settings=\"{&quot;background_background&quot;:&quot;classic&quot;}\">\n\t\t\t\t<div class=\"elementor-element elementor-element-710549e elementor-widget elementor-widget-image\" data-id=\"710549e\" data-element_type=\"widget\" data-widget_type=\"image.default\">\n\t\t\t\t\t\t\t\t\t\t\t\t\t\t\t<img decoding=\"async\" width=\"624\" height=\"418\" src=\"https:\/\/grupocoruzzi.com.br\/coruzzi\/wp-content\/uploads\/2025\/09\/img-sustentabilidade.webp\" class=\"attachment-full size-full wp-image-8703\" alt=\"Sustentabilidade\" srcset=\"https:\/\/grupocoruzzi.com.br\/coruzzi\/wp-content\/uploads\/2025\/09\/img-sustentabilidade.webp 624w, https:\/\/grupocoruzzi.com.br\/coruzzi\/wp-content\/uploads\/2025\/09\/img-sustentabilidade-300x201.webp 300w\" sizes=\"(max-width: 624px) 100vw, 624px\" \/>\t\t\t\t\t\t\t\t\t\t\t\t\t\t\t<\/div>\n\t\t\t\t<div class=\"elementor-element elementor-element-fba13d1 elementor-widget elementor-widget-heading\" data-id=\"fba13d1\" data-element_type=\"widget\" data-widget_type=\"heading.default\">\n\t\t\t\t\t<div class=\"elementor-heading-title elementor-size-default\">Sustentabilidade<\/div>\t\t\t\t<\/div>\n\t\t\t\t<div class=\"elementor-element elementor-element-519ef3b elementor-widget elementor-widget-text-editor\" data-id=\"519ef3b\" data-element_type=\"widget\" data-widget_type=\"text-editor.default\">\n\t\t\t\t\t\t\t\t\t<p class=\"p1\">Na Coruzzi Transportes, a sustentabilidade \u00e9 parte da nossa opera\u00e7\u00e3o.<\/p><p>\u00a0<\/p><p class=\"p1\">Contamos com uma frota nova e eficiente, que reduz a emiss\u00e3o de gases de efeito estufa, al\u00e9m de adotar pr\u00e1ticas respons\u00e1veis em todos os processos log\u00edsticos.<\/p>\t\t\t\t\t\t\t\t<\/div>\n\t\t\t\t<\/div>\n\t\t<div class=\"elementor-element elementor-element-3275ef3 e-con-full e-flex e-con e-child\" data-id=\"3275ef3\" data-element_type=\"container\">\n\t\t\t\t<div class=\"elementor-element elementor-element-8b30f9d elementor-invisible elementor-widget elementor-widget-image\" data-id=\"8b30f9d\" data-element_type=\"widget\" data-settings=\"{&quot;_animation&quot;:&quot;zoomIn&quot;}\" data-widget_type=\"image.default\">\n\t\t\t\t\t\t\t\t\t\t\t\t\t\t\t<img decoding=\"async\" width=\"462\" height=\"542\" src=\"https:\/\/grupocoruzzi.com.br\/coruzzi\/wp-content\/uploads\/2025\/09\/img-educacao-ambiental.webp\" class=\"attachment-full size-full wp-image-8702\" alt=\"Educa\u00e7\u00e3o ambiental\" srcset=\"https:\/\/grupocoruzzi.com.br\/coruzzi\/wp-content\/uploads\/2025\/09\/img-educacao-ambiental.webp 462w, https:\/\/grupocoruzzi.com.br\/coruzzi\/wp-content\/uploads\/2025\/09\/img-educacao-ambiental-256x300.webp 256w\" sizes=\"(max-width: 462px) 100vw, 462px\" \/>\t\t\t\t\t\t\t\t\t\t\t\t\t\t\t<\/div>\n\t\t\t\t<\/div>\n\t\t<div class=\"elementor-element elementor-element-26aa2d3 e-con-full e-flex e-con e-child\" data-id=\"26aa2d3\" data-element_type=\"container\" data-settings=\"{&quot;background_background&quot;:&quot;classic&quot;}\">\n\t\t<div class=\"elementor-element elementor-element-c31dfed e-con-full e-flex e-con e-child\" data-id=\"c31dfed\" data-element_type=\"container\" data-settings=\"{&quot;background_background&quot;:&quot;gradient&quot;}\">\n\t\t\t\t<div class=\"elementor-element elementor-element-60f1470 elementor-widget elementor-widget-heading\" data-id=\"60f1470\" data-element_type=\"widget\" data-widget_type=\"heading.default\">\n\t\t\t\t\t<div class=\"elementor-heading-title elementor-size-default\">Educa\u00e7\u00e3o ambiental<\/div>\t\t\t\t<\/div>\n\t\t\t\t<div class=\"elementor-element elementor-element-8cad945 elementor-widget elementor-widget-text-editor\" data-id=\"8cad945\" data-element_type=\"widget\" data-widget_type=\"text-editor.default\">\n\t\t\t\t\t\t\t\t\t<p data-start=\"0\" data-end=\"306\">Promovemos um trabalho socioambiental cont\u00ednuo com colaboradores e comunidade, valorizando a seguran\u00e7a, o bem-estar e o desenvolvimento das pessoas que est\u00e3o envolvidas com a nossa empresa.<\/p>\t\t\t\t\t\t\t\t<\/div>\n\t\t\t\t<\/div>\n\t\t<div class=\"elementor-element elementor-element-19d19be e-con-full e-flex e-con e-child\" data-id=\"19d19be\" data-element_type=\"container\" data-settings=\"{&quot;background_background&quot;:&quot;classic&quot;}\">\n\t\t\t\t<div class=\"elementor-element elementor-element-7e74f7d elementor-widget elementor-widget-text-editor\" data-id=\"7e74f7d\" data-element_type=\"widget\" data-widget_type=\"text-editor.default\">\n\t\t\t\t\t\t\t\t\t<p data-start=\"0\" data-end=\"306\">Nossa log\u00edstica vai al\u00e9m da agilidade nas entregas. Com frota moderna e processos otimizados, conseguimos reduzir o consumo de combust\u00edvel e, consequentemente, a emiss\u00e3o de CO\u2082.<\/p>\t\t\t\t\t\t\t\t<\/div>\n\t\t\t\t<\/div>\n\t\t\t\t<\/div>\n\t\t\t\t<\/div>\n\t\t\t\t\t<\/div>\n\t\t\t\t<\/div>\n\t\t\t\t<\/div>\n\t\t","protected":false},"excerpt":{"rendered":"<p>Excel\u00eancia em cada carga transportada. Com sede em Bauru, importante cidade do interior paulista, a Coruzzi Transportes \u00e9 uma empresa do Grupo Coruzzi, com mais de 15 anos de experi\u00eancia em transporte especializado de gr\u00e3os e \u00f3leos lubrificantes. \u00a0 Nossa miss\u00e3o \u00e9 oferecer solu\u00e7\u00f5es log\u00edsticas seguras e eficientes, com frota moderna, rastreabilidade completa e atendimento [&hellip;]<\/p>\n","protected":false},"author":1,"featured_media":0,"parent":0,"menu_order":0,"comment_status":"closed","ping_status":"closed","template":"elementor_header_footer","meta":{"_joinchat":[],"footnotes":""},"class_list":["post-66","page","type-page","status-publish","hentry"],"_links":{"self":[{"href":"https:\/\/grupocoruzzi.com.br\/coruzzi\/wp-json\/wp\/v2\/pages\/66","targetHints":{"allow":["GET"]}}],"collection":[{"href":"https:\/\/grupocoruzzi.com.br\/coruzzi\/wp-json\/wp\/v2\/pages"}],"about":[{"href":"https:\/\/grupocoruzzi.com.br\/coruzzi\/wp-json\/wp\/v2\/types\/page"}],"author":[{"embeddable":true,"href":"https:\/\/grupocoruzzi.com.br\/coruzzi\/wp-json\/wp\/v2\/users\/1"}],"replies":[{"embeddable":true,"href":"https:\/\/grupocoruzzi.com.br\/coruzzi\/wp-json\/wp\/v2\/comments?post=66"}],"version-history":[{"count":0,"href":"https:\/\/grupocoruzzi.com.br\/coruzzi\/wp-json\/wp\/v2\/pages\/66\/revisions"}],"wp:attachment":[{"href":"https:\/\/grupocoruzzi.com.br\/coruzzi\/wp-json\/wp\/v2\/media?parent=66"}],"curies":[{"name":"wp","href":"https:\/\/api.w.org\/{rel}","templated":true}]}}