{"id":1601,"date":"2024-09-24T20:51:30","date_gmt":"2024-09-24T20:51:30","guid":{"rendered":"https:\/\/imageprime.com.br\/?page_id=1601"},"modified":"2025-10-05T13:51:58","modified_gmt":"2025-10-05T13:51:58","slug":"servicos","status":"publish","type":"page","link":"https:\/\/grupocoruzzi.com.br\/coruzzi\/servicos\/","title":{"rendered":"Servi\u00e7os"},"content":{"rendered":"\t\t<div data-elementor-type=\"wp-page\" data-elementor-id=\"1601\" class=\"elementor elementor-1601\" data-elementor-post-type=\"page\">\n\t\t\t\t<div class=\"elementor-element elementor-element-bfbd9bc e-flex e-con-boxed e-con e-parent\" data-id=\"bfbd9bc\" data-element_type=\"container\" data-settings=\"{&quot;background_background&quot;:&quot;classic&quot;,&quot;shape_divider_bottom&quot;:&quot;triangle&quot;}\">\n\t\t\t\t\t<div class=\"e-con-inner\">\n\t\t\t\t<div class=\"elementor-shape elementor-shape-bottom\" aria-hidden=\"true\" data-negative=\"false\">\n\t\t\t<svg xmlns=\"http:\/\/www.w3.org\/2000\/svg\" viewBox=\"0 0 1000 100\" preserveAspectRatio=\"none\">\n\t<path class=\"elementor-shape-fill\" d=\"M500,98.9L0,6.1V0h1000v6.1L500,98.9z\"\/>\n<\/svg>\t\t<\/div>\n\t\t\t\t\t<\/div>\n\t\t\t\t<\/div>\n\t\t<div class=\"elementor-element elementor-element-755636e e-flex e-con-boxed e-con e-parent\" data-id=\"755636e\" data-element_type=\"container\" data-settings=\"{&quot;background_background&quot;:&quot;classic&quot;}\">\n\t\t\t\t\t<div class=\"e-con-inner\">\n\t\t<div class=\"elementor-element elementor-element-d25baf5 e-con-full e-grid e-con e-child\" data-id=\"d25baf5\" data-element_type=\"container\" data-settings=\"{&quot;background_background&quot;:&quot;classic&quot;}\">\n\t\t<div class=\"elementor-element elementor-element-05e1ebb e-con-full e-flex e-con e-child\" data-id=\"05e1ebb\" data-element_type=\"container\" data-settings=\"{&quot;background_background&quot;:&quot;classic&quot;}\">\n\t\t<div class=\"elementor-element elementor-element-5986519 e-con-full e-flex e-con e-child\" data-id=\"5986519\" data-element_type=\"container\" data-settings=\"{&quot;background_background&quot;:&quot;classic&quot;}\">\n\t\t\t\t<div class=\"elementor-element elementor-element-0f5054a elementor-widget elementor-widget-image\" data-id=\"0f5054a\" data-element_type=\"widget\" data-widget_type=\"image.default\">\n\t\t\t\t\t\t\t\t\t\t\t\t\t\t\t\t<a href=\"https:\/\/grupocoruzzi.com.br\/coruzzi\/transportedegraos\/\">\n\t\t\t\t\t\t\t<img decoding=\"async\" width=\"580\" height=\"624\" src=\"https:\/\/grupocoruzzi.com.br\/coruzzi\/wp-content\/uploads\/2025\/10\/img-transportedegraos.webp\" class=\"elementor-animation-grow attachment-full size-full wp-image-8998\" alt=\"Transporte de gr\u00e3os\" srcset=\"https:\/\/grupocoruzzi.com.br\/coruzzi\/wp-content\/uploads\/2025\/10\/img-transportedegraos.webp 580w, https:\/\/grupocoruzzi.com.br\/coruzzi\/wp-content\/uploads\/2025\/10\/img-transportedegraos-279x300.webp 279w\" sizes=\"(max-width: 580px) 100vw, 580px\" \/>\t\t\t\t\t\t\t\t<\/a>\n\t\t\t\t\t\t\t\t\t\t\t\t\t\t\t<\/div>\n\t\t\t\t<\/div>\n\t\t<div class=\"elementor-element elementor-element-18dae29 e-grid e-con-full e-con e-child\" data-id=\"18dae29\" data-element_type=\"container\">\n\t\t\t\t<div class=\"elementor-element elementor-element-d2bfd38 elementor-widget__width-initial elementor-widget elementor-widget-heading\" data-id=\"d2bfd38\" data-element_type=\"widget\" data-widget_type=\"heading.default\">\n\t\t\t\t\t<h2 class=\"elementor-heading-title elementor-size-default\">Transporte de gr\u00e3os<\/h2>\t\t\t\t<\/div>\n\t\t\t\t<div class=\"elementor-element elementor-element-a80a88c elementor-align-right elementor-mobile-align-right elementor-widget elementor-widget-button\" data-id=\"a80a88c\" data-element_type=\"widget\" data-widget_type=\"button.default\">\n\t\t\t\t\t\t\t\t\t\t<a class=\"elementor-button elementor-button-link elementor-size-sm\" href=\"https:\/\/grupocoruzzi.com.br\/coruzzi\/transportedegraos\/\">\n\t\t\t\t\t\t<span class=\"elementor-button-content-wrapper\">\n\t\t\t\t\t\t<span class=\"elementor-button-icon\">\n\t\t\t\t<svg xmlns=\"http:\/\/www.w3.org\/2000\/svg\" id=\"Camada_1\" viewBox=\"0 0 10.2 10.2\"><defs><style>      .st0 {        fill: #fff;      }    <\/style><\/defs><path class=\"st0\" d=\"M9.6,0H.2v1h8.2L0,9.4l.7.7L9.1,1.8v8.2h1V.6c0-.3-.2-.5-.5-.5Z\"><\/path><\/svg>\t\t\t<\/span>\n\t\t\t\t\t\t\t\t<\/span>\n\t\t\t\t\t<\/a>\n\t\t\t\t\t\t\t\t<\/div>\n\t\t\t\t<\/div>\n\t\t\t\t<div class=\"elementor-element elementor-element-7a8f0a0 elementor-widget elementor-widget-heading\" data-id=\"7a8f0a0\" data-element_type=\"widget\" data-widget_type=\"heading.default\">\n\t\t\t\t\t<div class=\"elementor-heading-title elementor-size-default\">Frota que garante entrega r\u00e1pida, segura sem e perdas de qualidade.<\/div>\t\t\t\t<\/div>\n\t\t\t\t<\/div>\n\t\t<div class=\"elementor-element elementor-element-d43d5c0 e-con-full e-flex e-con e-child\" data-id=\"d43d5c0\" data-element_type=\"container\" data-settings=\"{&quot;background_background&quot;:&quot;classic&quot;}\">\n\t\t<div class=\"elementor-element elementor-element-2a54290 e-con-full e-flex e-con e-child\" data-id=\"2a54290\" data-element_type=\"container\" data-settings=\"{&quot;background_background&quot;:&quot;classic&quot;}\">\n\t\t\t\t<div class=\"elementor-element elementor-element-d8a35e4 elementor-widget elementor-widget-image\" data-id=\"d8a35e4\" data-element_type=\"widget\" data-widget_type=\"image.default\">\n\t\t\t\t\t\t\t\t\t\t\t\t\t\t\t\t<a href=\"https:\/\/grupocoruzzi.com.br\/coruzzi\/transportedeoleos\">\n\t\t\t\t\t\t\t<img decoding=\"async\" width=\"580\" height=\"624\" src=\"https:\/\/grupocoruzzi.com.br\/coruzzi\/wp-content\/uploads\/2025\/10\/img-transporteoleos.webp\" class=\"elementor-animation-grow attachment-full size-full wp-image-8999\" alt=\"Transporte de \u00f3leos lubrificantes\" srcset=\"https:\/\/grupocoruzzi.com.br\/coruzzi\/wp-content\/uploads\/2025\/10\/img-transporteoleos.webp 580w, https:\/\/grupocoruzzi.com.br\/coruzzi\/wp-content\/uploads\/2025\/10\/img-transporteoleos-279x300.webp 279w\" sizes=\"(max-width: 580px) 100vw, 580px\" \/>\t\t\t\t\t\t\t\t<\/a>\n\t\t\t\t\t\t\t\t\t\t\t\t\t\t\t<\/div>\n\t\t\t\t<\/div>\n\t\t<div class=\"elementor-element elementor-element-23cf5ba e-grid e-con-full e-con e-child\" data-id=\"23cf5ba\" data-element_type=\"container\">\n\t\t\t\t<div class=\"elementor-element elementor-element-a2fe06b elementor-widget__width-initial elementor-widget elementor-widget-heading\" data-id=\"a2fe06b\" data-element_type=\"widget\" data-widget_type=\"heading.default\">\n\t\t\t\t\t<h2 class=\"elementor-heading-title elementor-size-default\">Transporte de \u00f3leos lubrificantes<\/h2>\t\t\t\t<\/div>\n\t\t\t\t<div class=\"elementor-element elementor-element-b2d55e6 elementor-align-right elementor-mobile-align-right elementor-widget elementor-widget-button\" data-id=\"b2d55e6\" data-element_type=\"widget\" data-widget_type=\"button.default\">\n\t\t\t\t\t\t\t\t\t\t<a class=\"elementor-button elementor-button-link elementor-size-sm\" href=\"https:\/\/grupocoruzzi.com.br\/coruzzi\/transportedeoleos\">\n\t\t\t\t\t\t<span class=\"elementor-button-content-wrapper\">\n\t\t\t\t\t\t<span class=\"elementor-button-icon\">\n\t\t\t\t<svg xmlns=\"http:\/\/www.w3.org\/2000\/svg\" id=\"Camada_1\" viewBox=\"0 0 10.2 10.2\"><defs><style>      .st0 {        fill: #fff;      }    <\/style><\/defs><path class=\"st0\" d=\"M9.6,0H.2v1h8.2L0,9.4l.7.7L9.1,1.8v8.2h1V.6c0-.3-.2-.5-.5-.5Z\"><\/path><\/svg>\t\t\t<\/span>\n\t\t\t\t\t\t\t\t<\/span>\n\t\t\t\t\t<\/a>\n\t\t\t\t\t\t\t\t<\/div>\n\t\t\t\t<\/div>\n\t\t\t\t<div class=\"elementor-element elementor-element-acd57d7 elementor-widget elementor-widget-heading\" data-id=\"acd57d7\" data-element_type=\"widget\" data-widget_type=\"heading.default\">\n\t\t\t\t\t<div class=\"elementor-heading-title elementor-size-default\">Aten\u00e7\u00e3o e cumprimento das normas ambientais e de seguran\u00e7a.<\/div>\t\t\t\t<\/div>\n\t\t\t\t<\/div>\n\t\t<div class=\"elementor-element elementor-element-58b7608 e-con-full e-flex e-con e-child\" data-id=\"58b7608\" data-element_type=\"container\" data-settings=\"{&quot;background_background&quot;:&quot;classic&quot;}\">\n\t\t<div class=\"elementor-element elementor-element-f2d69e0 e-con-full e-flex e-con e-child\" data-id=\"f2d69e0\" data-element_type=\"container\" data-settings=\"{&quot;background_background&quot;:&quot;classic&quot;}\">\n\t\t\t\t<div class=\"elementor-element elementor-element-b32bee3 elementor-widget elementor-widget-image\" data-id=\"b32bee3\" data-element_type=\"widget\" data-widget_type=\"image.default\">\n\t\t\t\t\t\t\t\t\t\t\t\t\t\t\t\t<a href=\"https:\/\/grupocoruzzi.com.br\/coruzzi\/solucoespersonalizadas\/\">\n\t\t\t\t\t\t\t<img decoding=\"async\" width=\"580\" height=\"624\" src=\"https:\/\/grupocoruzzi.com.br\/coruzzi\/wp-content\/uploads\/2025\/10\/img-logisticaspersonalizadas.webp\" class=\"elementor-animation-grow attachment-full size-full wp-image-9000\" alt=\"Solu\u00e7\u00f5es log\u00edsticas e personalizadas\" srcset=\"https:\/\/grupocoruzzi.com.br\/coruzzi\/wp-content\/uploads\/2025\/10\/img-logisticaspersonalizadas.webp 580w, https:\/\/grupocoruzzi.com.br\/coruzzi\/wp-content\/uploads\/2025\/10\/img-logisticaspersonalizadas-279x300.webp 279w\" sizes=\"(max-width: 580px) 100vw, 580px\" \/>\t\t\t\t\t\t\t\t<\/a>\n\t\t\t\t\t\t\t\t\t\t\t\t\t\t\t<\/div>\n\t\t\t\t<\/div>\n\t\t<div class=\"elementor-element elementor-element-abc8907 e-grid e-con-full e-con e-child\" data-id=\"abc8907\" data-element_type=\"container\">\n\t\t\t\t<div class=\"elementor-element elementor-element-388b0c6 elementor-widget__width-initial elementor-widget elementor-widget-heading\" data-id=\"388b0c6\" data-element_type=\"widget\" data-widget_type=\"heading.default\">\n\t\t\t\t\t<h2 class=\"elementor-heading-title elementor-size-default\">Solu\u00e7\u00f5es log\u00edsticas e personalizadas<\/h2>\t\t\t\t<\/div>\n\t\t\t\t<div class=\"elementor-element elementor-element-e9210af elementor-align-right elementor-mobile-align-right elementor-widget elementor-widget-button\" data-id=\"e9210af\" data-element_type=\"widget\" data-widget_type=\"button.default\">\n\t\t\t\t\t\t\t\t\t\t<a class=\"elementor-button elementor-button-link elementor-size-sm\" href=\"https:\/\/grupocoruzzi.com.br\/coruzzi\/solucoespersonalizadas\/\">\n\t\t\t\t\t\t<span class=\"elementor-button-content-wrapper\">\n\t\t\t\t\t\t<span class=\"elementor-button-icon\">\n\t\t\t\t<svg xmlns=\"http:\/\/www.w3.org\/2000\/svg\" id=\"Camada_1\" viewBox=\"0 0 10.2 10.2\"><defs><style>      .st0 {        fill: #fff;      }    <\/style><\/defs><path class=\"st0\" d=\"M9.6,0H.2v1h8.2L0,9.4l.7.7L9.1,1.8v8.2h1V.6c0-.3-.2-.5-.5-.5Z\"><\/path><\/svg>\t\t\t<\/span>\n\t\t\t\t\t\t\t\t<\/span>\n\t\t\t\t\t<\/a>\n\t\t\t\t\t\t\t\t<\/div>\n\t\t\t\t<\/div>\n\t\t\t\t<div class=\"elementor-element elementor-element-f5e7284 elementor-widget elementor-widget-heading\" data-id=\"f5e7284\" data-element_type=\"widget\" data-widget_type=\"heading.default\">\n\t\t\t\t\t<div class=\"elementor-heading-title elementor-size-default\">Atendimento sob medida para empresas de diferentes portes.<\/div>\t\t\t\t<\/div>\n\t\t\t\t<\/div>\n\t\t\t\t<\/div>\n\t\t\t\t\t<\/div>\n\t\t\t\t<\/div>\n\t\t\t\t<\/div>\n\t\t","protected":false},"excerpt":{"rendered":"<p>Transporte de gr\u00e3os Frota que garante entrega r\u00e1pida, segura sem e perdas de qualidade. Transporte de \u00f3leos lubrificantes Aten\u00e7\u00e3o e cumprimento das normas ambientais e de seguran\u00e7a. Solu\u00e7\u00f5es log\u00edsticas e personalizadas Atendimento sob medida para empresas de diferentes portes.<\/p>\n","protected":false},"author":1,"featured_media":0,"parent":0,"menu_order":0,"comment_status":"closed","ping_status":"closed","template":"elementor_header_footer","meta":{"_joinchat":[],"footnotes":""},"class_list":["post-1601","page","type-page","status-publish","hentry"],"_links":{"self":[{"href":"https:\/\/grupocoruzzi.com.br\/coruzzi\/wp-json\/wp\/v2\/pages\/1601","targetHints":{"allow":["GET"]}}],"collection":[{"href":"https:\/\/grupocoruzzi.com.br\/coruzzi\/wp-json\/wp\/v2\/pages"}],"about":[{"href":"https:\/\/grupocoruzzi.com.br\/coruzzi\/wp-json\/wp\/v2\/types\/page"}],"author":[{"embeddable":true,"href":"https:\/\/grupocoruzzi.com.br\/coruzzi\/wp-json\/wp\/v2\/users\/1"}],"replies":[{"embeddable":true,"href":"https:\/\/grupocoruzzi.com.br\/coruzzi\/wp-json\/wp\/v2\/comments?post=1601"}],"version-history":[{"count":0,"href":"https:\/\/grupocoruzzi.com.br\/coruzzi\/wp-json\/wp\/v2\/pages\/1601\/revisions"}],"wp:attachment":[{"href":"https:\/\/grupocoruzzi.com.br\/coruzzi\/wp-json\/wp\/v2\/media?parent=1601"}],"curies":[{"name":"wp","href":"https:\/\/api.w.org\/{rel}","templated":true}]}}